{"id":3223,"date":"2025-06-23T15:24:42","date_gmt":"2025-06-23T13:24:42","guid":{"rendered":"https:\/\/talent-career.com\/?page_id=3223"},"modified":"2025-12-18T15:34:53","modified_gmt":"2025-12-18T14:34:53","slug":"moins-de-45-ans","status":"publish","type":"page","link":"https:\/\/talent-career.com\/?page_id=3223","title":{"rendered":"Moins de 45 ans"},"content":{"rendered":"<style>.kb-row-layout-id3223_0f0107-fa > .kt-row-column-wrap{align-content:start;}:where(.kb-row-layout-id3223_0f0107-fa > .kt-row-column-wrap) > .wp-block-kadence-column{justify-content:start;}.kb-row-layout-id3223_0f0107-fa > .kt-row-column-wrap{column-gap:var(--global-kb-gap-md, 2rem);row-gap:var(--global-kb-gap-none, 0rem );max-width:var( --global-content-width, 1290px );padding-left:var(--global-content-edge-padding);padding-right:var(--global-content-edge-padding);padding-top:0px;padding-bottom:0px;grid-template-columns:minmax(0, 1fr);}.kb-row-layout-id3223_0f0107-fa > .kt-row-layout-overlay{opacity:0.30;}.kb-row-layout-id3223_0f0107-fa{z-index:1475;position:relative;}.kb-row-layout-id3223_0f0107-fa .kt-row-layout-bottom-sep{height:100px;}.kb-row-layout-id3223_0f0107-fa .kt-row-layout-bottom-sep svg{width:100%;}.kb-row-layout-id3223_0f0107-fa .kt-row-layout-bottom-sep svg{fill:#ffffff!important;}@media all and (max-width: 1024px){.kb-row-layout-id3223_0f0107-fa > .kt-row-column-wrap{grid-template-columns:minmax(0, 1fr);}}@media all and (max-width: 1024px){.kb-row-layout-id3223_0f0107-fa .kt-row-layout-bottom-sep{height:px;}}@media all and (max-width: 1024px){.kb-row-layout-id3223_0f0107-fa .kt-row-layout-bottom-sep svg{width:%;}}@media all and (max-width: 767px){.kb-row-layout-id3223_0f0107-fa > .kt-row-column-wrap{grid-template-columns:minmax(0, 1fr);}.kb-row-layout-id3223_0f0107-fa .kt-row-layout-bottom-sep{height:px;}.kb-row-layout-id3223_0f0107-fa .kt-row-layout-bottom-sep svg{width:%;}}.kb-row-layout-id3223_0f0107-fa {z-index: 10;}<\/style><div class=\"kb-row-layout-wrap kb-row-layout-id3223_0f0107-fa alignfull wp-block-kadence-rowlayout\"><div class=\"kt-row-column-wrap kt-has-1-columns kt-row-layout-equal kt-tab-layout-inherit kt-mobile-layout-row kt-row-valign-top kb-theme-content-width\">\n<style>.kadence-column3223_95a912-cc > .kt-inside-inner-col,.kadence-column3223_95a912-cc > .kt-inside-inner-col:before{border-top-left-radius:0px;border-top-right-radius:0px;border-bottom-right-radius:0px;border-bottom-left-radius:0px;}.kadence-column3223_95a912-cc > .kt-inside-inner-col{column-gap:var(--global-kb-gap-sm, 1rem);}.kadence-column3223_95a912-cc > .kt-inside-inner-col{flex-direction:column;}.kadence-column3223_95a912-cc > .kt-inside-inner-col > .aligncenter{width:100%;}.kadence-column3223_95a912-cc > .kt-inside-inner-col:before{opacity:0.3;}.kadence-column3223_95a912-cc{position:relative;}@media all and (max-width: 1024px){.kadence-column3223_95a912-cc > .kt-inside-inner-col{flex-direction:column;justify-content:center;}}@media all and (max-width: 767px){.kadence-column3223_95a912-cc > .kt-inside-inner-col{flex-direction:column;justify-content:center;}}<\/style>\n<div class=\"wp-block-kadence-column kadence-column3223_95a912-cc inner-column-1\"><div class=\"kt-inside-inner-col\"><style>.wp-block-kadence-advancedheading.kt-adv-heading3223_33b08a-ff, .wp-block-kadence-advancedheading.kt-adv-heading3223_33b08a-ff[data-kb-block=\"kb-adv-heading3223_33b08a-ff\"]{max-width:960px;margin-right:auto;margin-left:auto;margin-top:0em;margin-bottom:0em;text-align:center;font-size:50px;line-height:1.1;font-style:normal;text-transform:none;}.wp-block-kadence-advancedheading.kt-adv-heading3223_33b08a-ff mark.kt-highlight, .wp-block-kadence-advancedheading.kt-adv-heading3223_33b08a-ff[data-kb-block=\"kb-adv-heading3223_33b08a-ff\"] mark.kt-highlight{font-style:normal;color:#f76a0c;-webkit-box-decoration-break:clone;box-decoration-break:clone;padding-top:0px;padding-right:0px;padding-bottom:0px;padding-left:0px;}.wp-block-kadence-advancedheading.kt-adv-heading3223_33b08a-ff img.kb-inline-image, .wp-block-kadence-advancedheading.kt-adv-heading3223_33b08a-ff[data-kb-block=\"kb-adv-heading3223_33b08a-ff\"] img.kb-inline-image{width:150px;vertical-align:baseline;}@media all and (max-width: 1024px){.wp-block-kadence-advancedheading.kt-adv-heading3223_33b08a-ff, .wp-block-kadence-advancedheading.kt-adv-heading3223_33b08a-ff[data-kb-block=\"kb-adv-heading3223_33b08a-ff\"]{font-size:42px;line-height:1.1;}}@media all and (max-width: 767px){.wp-block-kadence-advancedheading.kt-adv-heading3223_33b08a-ff, .wp-block-kadence-advancedheading.kt-adv-heading3223_33b08a-ff[data-kb-block=\"kb-adv-heading3223_33b08a-ff\"]{font-size:28px;line-height:1.1;}}<\/style>\n<h1 class=\"kt-adv-heading3223_33b08a-ff wp-block-kadence-advancedheading has-theme-palette-3-color has-text-color\" data-kb-block=\"kb-adv-heading3223_33b08a-ff\"><strong>J&rsquo;ai moins de 45 ans<\/strong><\/h1>\n<\/div><\/div>\n\n<\/div><\/div>\n\n<style>.kb-row-layout-id3223_5a27ac-35 > .kt-row-column-wrap{align-content:start;}:where(.kb-row-layout-id3223_5a27ac-35 > .kt-row-column-wrap) > .wp-block-kadence-column{justify-content:start;}.kb-row-layout-id3223_5a27ac-35 > .kt-row-column-wrap{column-gap:var(--global-kb-gap-md, 2rem);row-gap:var(--global-kb-gap-md, 2rem);max-width:960px;margin-left:auto;margin-right:auto;padding-top:19px;padding-bottom:0px;grid-template-columns:minmax(0, 1fr);}.kb-row-layout-id3223_5a27ac-35 > .kt-row-layout-overlay{opacity:0.30;}@media all and (max-width: 1024px){.kb-row-layout-id3223_5a27ac-35 > .kt-row-column-wrap{grid-template-columns:minmax(0, 1fr);}}@media all and (max-width: 767px){.kb-row-layout-id3223_5a27ac-35 > .kt-row-column-wrap{grid-template-columns:minmax(0, 1fr);}}<\/style><div class=\"kb-row-layout-wrap kb-row-layout-id3223_5a27ac-35 alignfull wp-block-kadence-rowlayout\"><div class=\"kt-row-column-wrap kt-has-1-columns kt-row-layout-equal kt-tab-layout-inherit kt-mobile-layout-row kt-row-valign-top\">\n<style>.kadence-column3223_7d7395-af > .kt-inside-inner-col{display:flex;}.kadence-column3223_7d7395-af > .kt-inside-inner-col,.kadence-column3223_7d7395-af > .kt-inside-inner-col:before{border-top-left-radius:0px;border-top-right-radius:0px;border-bottom-right-radius:0px;border-bottom-left-radius:0px;}.kadence-column3223_7d7395-af > .kt-inside-inner-col{column-gap:var(--global-kb-gap-sm, 1rem);}.kadence-column3223_7d7395-af > .kt-inside-inner-col{flex-direction:column;align-items:center;}.kadence-column3223_7d7395-af > .kt-inside-inner-col > .kb-image-is-ratio-size{align-self:stretch;}.kadence-column3223_7d7395-af > .kt-inside-inner-col > .wp-block-kadence-advancedgallery{align-self:stretch;}.kadence-column3223_7d7395-af > .kt-inside-inner-col > .aligncenter{width:100%;}.kadence-column3223_7d7395-af > .kt-inside-inner-col:before{opacity:0.3;}.kadence-column3223_7d7395-af{position:relative;}@media all and (max-width: 1024px){.kadence-column3223_7d7395-af > .kt-inside-inner-col{flex-direction:column;justify-content:center;align-items:center;}}@media all and (max-width: 767px){.kadence-column3223_7d7395-af > .kt-inside-inner-col{flex-direction:column;justify-content:center;align-items:center;}}<\/style>\n<div class=\"wp-block-kadence-column kadence-column3223_7d7395-af inner-column-1\"><div class=\"kt-inside-inner-col\">\n<h2 class=\"wp-block-heading has-text-align-center has-40-36-28-font-size has-theme-palette-1-color has-text-color has-link-color wp-elements-d638a6db2260f427606b9b615169b33d\" style=\"font-size:21px\">Visionnez le replay du webinaire moins de 45 ans. <\/h2>\n<\/div><\/div>\n\n<\/div><\/div>\n\n<style>.kb-row-layout-id3223_833b3b-e1 > .kt-row-column-wrap{align-content:start;}:where(.kb-row-layout-id3223_833b3b-e1 > .kt-row-column-wrap) > .wp-block-kadence-column{justify-content:start;}.kb-row-layout-id3223_833b3b-e1 > .kt-row-column-wrap{column-gap:var(--global-kb-gap-md, 2rem);row-gap:var(--global-kb-gap-lg, 4rem);max-width:var( --global-content-width, 1290px );padding-left:var(--global-content-edge-padding);padding-right:var(--global-content-edge-padding);padding-top:5px;padding-right:var(--global-kb-spacing-xl, 4rem);padding-left:var(--global-kb-spacing-xl, 4rem);grid-template-columns:minmax(0, 1fr);}.kb-row-layout-id3223_833b3b-e1 > .kt-row-layout-overlay{opacity:0.30;}@media all and (max-width: 1024px){.kb-row-layout-id3223_833b3b-e1 > .kt-row-column-wrap{grid-template-columns:minmax(0, 1fr);}}@media all and (max-width: 767px){.kb-row-layout-id3223_833b3b-e1 > .kt-row-column-wrap{grid-template-columns:minmax(0, 1fr);}}<\/style><div class=\"kb-row-layout-wrap kb-row-layout-id3223_833b3b-e1 alignfull kt-row-has-bg wp-block-kadence-rowlayout\"><div class=\"kt-row-column-wrap kt-has-1-columns kt-row-layout-equal kt-tab-layout-inherit kt-mobile-layout-row kt-row-valign-top kb-theme-content-width\">\n<style>.kadence-column3223_7bfaf4-7e > .kt-inside-inner-col,.kadence-column3223_7bfaf4-7e > .kt-inside-inner-col:before{border-top-left-radius:0px;border-top-right-radius:0px;border-bottom-right-radius:0px;border-bottom-left-radius:0px;}.kadence-column3223_7bfaf4-7e > .kt-inside-inner-col{column-gap:var(--global-kb-gap-sm, 1rem);}.kadence-column3223_7bfaf4-7e > .kt-inside-inner-col{flex-direction:column;}.kadence-column3223_7bfaf4-7e > .kt-inside-inner-col > .aligncenter{width:100%;}.kadence-column3223_7bfaf4-7e > .kt-inside-inner-col:before{opacity:0.3;}.kadence-column3223_7bfaf4-7e{position:relative;}@media all and (max-width: 1024px){.kadence-column3223_7bfaf4-7e > .kt-inside-inner-col{flex-direction:column;justify-content:center;}}@media all and (max-width: 767px){.kadence-column3223_7bfaf4-7e > .kt-inside-inner-col{flex-direction:column;justify-content:center;}}<\/style>\n<div class=\"wp-block-kadence-column kadence-column3223_7bfaf4-7e\"><div class=\"kt-inside-inner-col\"><style>.kb-row-layout-id3223_64c80e-35 > .kt-row-column-wrap{align-content:start;}:where(.kb-row-layout-id3223_64c80e-35 > .kt-row-column-wrap) > .wp-block-kadence-column{justify-content:start;}.kb-row-layout-id3223_64c80e-35 > .kt-row-column-wrap{column-gap:var(--global-kb-gap-lg, 4rem);row-gap:var(--global-kb-gap-md, 2rem);max-width:var( --global-content-width, 1290px );padding-left:var(--global-content-edge-padding);padding-right:var(--global-content-edge-padding);padding-top:var(--global-kb-spacing-lg, 3rem);padding-right:0px;padding-left:0px;min-height:572px;grid-template-columns:repeat(2, minmax(0, 1fr));}.kb-row-layout-id3223_64c80e-35 > .kt-row-layout-overlay{opacity:0.30;}@media all and (max-width: 1024px){.kb-row-layout-id3223_64c80e-35 > .kt-row-column-wrap{grid-template-columns:minmax(0, 1fr);}}@media all and (max-width: 767px){.kb-row-layout-id3223_64c80e-35 > .kt-row-column-wrap{grid-template-columns:minmax(0, 1fr);}}<\/style><div class=\"kb-row-layout-wrap kb-row-layout-id3223_64c80e-35 alignnone wp-block-kadence-rowlayout\"><div class=\"kt-row-column-wrap kt-has-2-columns kt-row-layout-equal kt-tab-layout-row kt-mobile-layout-row kt-row-valign-top kt-inner-column-height-full kb-theme-content-width\">\n<style>.kadence-column3223_31d9ef-be > .kt-inside-inner-col,.kadence-column3223_31d9ef-be > .kt-inside-inner-col:before{border-top-left-radius:0px;border-top-right-radius:0px;border-bottom-right-radius:0px;border-bottom-left-radius:0px;}.kadence-column3223_31d9ef-be > .kt-inside-inner-col{column-gap:var(--global-kb-gap-sm, 1rem);}.kadence-column3223_31d9ef-be > .kt-inside-inner-col{flex-direction:column;}.kadence-column3223_31d9ef-be > .kt-inside-inner-col > .aligncenter{width:100%;}.kadence-column3223_31d9ef-be > .kt-inside-inner-col:before{opacity:0.3;}.kadence-column3223_31d9ef-be{position:relative;}@media all and (max-width: 1024px){.kadence-column3223_31d9ef-be > .kt-inside-inner-col{flex-direction:column;justify-content:center;}}@media all and (max-width: 767px){.kadence-column3223_31d9ef-be > .kt-inside-inner-col{flex-direction:column;justify-content:center;}}<\/style>\n<div class=\"wp-block-kadence-column kadence-column3223_31d9ef-be\"><div class=\"kt-inside-inner-col\">\n<div class=\"wp-block-group is-vertical is-layout-flex wp-container-core-group-is-layout-8cf370e7 wp-block-group-is-layout-flex\">\n<h2 class=\"wp-block-heading\" style=\"font-size:25px;text-transform:none\">Moins de 45 ans : il n\u2019est jamais trop t\u00f4t pour s\u2019informer<\/h2>\n\n\n\n<div class=\"wp-block-group is-vertical is-layout-flex wp-container-core-group-is-layout-8cf370e7 wp-block-group-is-layout-flex\">\n<p>Comprendre d\u00e8s aujourd\u2019hui comment fonctionne le syst\u00e8me de retraite, c\u2019est se donner les cl\u00e9s pour mieux anticiper demain.<br>C\u2019est pourquoi nous vous proposons une <strong>webinaire d\u00e9di\u00e9 aux collaborateurs de moins de 45 ans<\/strong>, afin de vous apporter des informations importantes. <\/p>\n\n\n\n<div class=\"wp-block-group is-vertical is-layout-flex wp-container-core-group-is-layout-8cf370e7 wp-block-group-is-layout-flex\">\n<p><strong>Les th\u00e9matiques abord\u00e9es pendant le webinaire :<\/strong><\/p>\n\n\n\n<div class=\"wp-block-group is-vertical is-layout-flex wp-container-core-group-is-layout-8cf370e7 wp-block-group-is-layout-flex\">\n<p>\u27a1\ufe0f Le calcul de la retraite et la dur\u00e9e de cotisation, le syst\u00e8me de retraite fran\u00e7ais et son contexte, le coffre-fort num\u00e9rique, le rachat de trimestres&#8230;<\/p>\n<\/div>\n<\/div>\n<\/div>\n<\/div>\n<\/div><\/div>\n\n\n<style>.kadence-column3223_cd2bda-97 > .kt-inside-inner-col,.kadence-column3223_cd2bda-97 > .kt-inside-inner-col:before{border-top-left-radius:0px;border-top-right-radius:0px;border-bottom-right-radius:0px;border-bottom-left-radius:0px;}.kadence-column3223_cd2bda-97 > .kt-inside-inner-col{column-gap:var(--global-kb-gap-sm, 1rem);}.kadence-column3223_cd2bda-97 > .kt-inside-inner-col{flex-direction:column;}.kadence-column3223_cd2bda-97 > .kt-inside-inner-col > .aligncenter{width:100%;}.kadence-column3223_cd2bda-97 > .kt-inside-inner-col:before{opacity:0.3;}.kadence-column3223_cd2bda-97{position:relative;}@media all and (max-width: 1024px){.kadence-column3223_cd2bda-97 > .kt-inside-inner-col{flex-direction:column;justify-content:center;}}@media all and (max-width: 767px){.kadence-column3223_cd2bda-97 > .kt-inside-inner-col{flex-direction:column;justify-content:center;}}<\/style>\n<div class=\"wp-block-kadence-column kadence-column3223_cd2bda-97\"><div class=\"kt-inside-inner-col\"><style>.wp-block-kadence-advancedbtn.kb-btns3223_df6896-89{padding-top:var(--global-kb-spacing-xl, 4rem);gap:var(--global-kb-gap-xs, 0.5rem );justify-content:center;align-items:center;}.kt-btns3223_df6896-89 .kt-button{font-weight:normal;font-style:normal;}.kt-btns3223_df6896-89 .kt-btn-wrap-0{margin-right:5px;}.wp-block-kadence-advancedbtn.kt-btns3223_df6896-89 .kt-btn-wrap-0 .kt-button{color:#555555;border-color:#555555;}.wp-block-kadence-advancedbtn.kt-btns3223_df6896-89 .kt-btn-wrap-0 .kt-button:hover, .wp-block-kadence-advancedbtn.kt-btns3223_df6896-89 .kt-btn-wrap-0 .kt-button:focus{color:#ffffff;border-color:#444444;}.wp-block-kadence-advancedbtn.kt-btns3223_df6896-89 .kt-btn-wrap-0 .kt-button::before{display:none;}.wp-block-kadence-advancedbtn.kt-btns3223_df6896-89 .kt-btn-wrap-0 .kt-button:hover, .wp-block-kadence-advancedbtn.kt-btns3223_df6896-89 .kt-btn-wrap-0 .kt-button:focus{background:#444444;}<\/style>\n<div class=\"wp-block-kadence-advancedbtn kb-buttons-wrap kb-btns3223_df6896-89\"><style>ul.menu .wp-block-kadence-advancedbtn .kb-btn3223_9d3ede-67.kb-button{width:initial;}.wp-block-kadence-advancedbtn .kb-btn3223_9d3ede-67.kb-button{background:#0099d4;text-transform:none;}<\/style><span class=\"kb-button kt-button button kb-btn3223_9d3ede-67 kt-btn-size-standard kt-btn-width-type-auto kb-btn-global-inherit  kt-btn-has-text-true kt-btn-has-svg-false  wp-block-button__link wp-block-kadence-singlebtn\"><span class=\"kt-btn-inner-text\">Visionnez le webinaire ci-dessous<\/span><\/span><\/div>\n\n\n\n<div style=\"padding:56.25% 0 0 0;position:relative;\"><iframe src=\"https:\/\/player.vimeo.com\/video\/1091134429?h=805836887d&amp;badge=0&amp;autopause=0&amp;player_id=0&amp;app_id=58479\" frameborder=\"0\" allow=\"autoplay; fullscreen; picture-in-picture; clipboard-write; encrypted-media; web-share\" style=\"position:absolute;top:0;left:0;width:100%;height:100%;\" title=\"REPLAY - R\u00e9union d&#039;information retraite (moins de 45 ans)\"><\/iframe><\/div><script src=\"https:\/\/player.vimeo.com\/api\/player.js\"><\/script>\n<\/div><\/div>\n\n<\/div><\/div><\/div><\/div>\n\n<\/div><\/div>\n\n\n<p><\/p>\n\n\n\n<p><\/p>\n\n\n\n<p><\/p>\n","protected":false},"excerpt":{"rendered":"<p>J&rsquo;ai moins de 45 ans Visionnez le replay du webinaire moins de 45 ans. Moins de 45 ans : il n\u2019est jamais trop t\u00f4t pour s\u2019informer Comprendre d\u00e8s aujourd\u2019hui comment&#8230;<\/p>\n","protected":false},"author":1,"featured_media":0,"parent":0,"menu_order":0,"comment_status":"closed","ping_status":"closed","template":"","meta":{"_kad_blocks_custom_css":"","_kad_blocks_head_custom_js":"","_kad_blocks_body_custom_js":"","_kad_blocks_footer_custom_js":"","_EventAllDay":false,"_EventTimezone":"","_EventStartDate":"","_EventEndDate":"","_EventStartDateUTC":"","_EventEndDateUTC":"","_EventShowMap":false,"_EventShowMapLink":false,"_EventURL":"","_EventCost":"","_EventCostDescription":"","_EventCurrencySymbol":"","_EventCurrencyCode":"","_EventCurrencyPosition":"","_EventDateTimeSeparator":"","_EventTimeRangeSeparator":"","_EventOrganizerID":[],"_EventVenueID":[],"_OrganizerEmail":"","_OrganizerPhone":"","_OrganizerWebsite":"","_VenueAddress":"","_VenueCity":"","_VenueCountry":"","_VenueProvince":"","_VenueState":"","_VenueZip":"","_VenuePhone":"","_VenueURL":"","_VenueStateProvince":"","_VenueLat":"","_VenueLng":"","_VenueShowMap":false,"_VenueShowMapLink":false,"_kadence_starter_templates_imported_post":false,"_kad_post_transparent":"","_kad_post_title":"","_kad_post_layout":"","_kad_post_sidebar_id":"","_kad_post_content_style":"","_kad_post_vertical_padding":"","_kad_post_feature":"","_kad_post_feature_position":"","_kad_post_header":false,"_kad_post_footer":false,"_kad_post_classname":"","footnotes":""},"class_list":["post-3223","page","type-page","status-publish","hentry"],"yoast_head":"<!-- This site is optimized with the Yoast SEO plugin v25.7 - https:\/\/yoast.com\/wordpress\/plugins\/seo\/ -->\n<title>Moins de 45 ans - MyTalent<\/title>\n<meta name=\"robots\" content=\"index, follow, max-snippet:-1, max-image-preview:large, max-video-preview:-1\" \/>\n<link rel=\"canonical\" href=\"https:\/\/talent-career.com\/?page_id=3223\" \/>\n<meta property=\"og:locale\" content=\"fr_FR\" \/>\n<meta property=\"og:type\" content=\"article\" \/>\n<meta property=\"og:title\" content=\"Moins de 45 ans - MyTalent\" \/>\n<meta property=\"og:description\" content=\"J&rsquo;ai moins de 45 ans Visionnez le replay du webinaire moins de 45 ans. Moins de 45 ans : il n\u2019est jamais trop t\u00f4t pour s\u2019informer Comprendre d\u00e8s aujourd\u2019hui comment...\" \/>\n<meta property=\"og:url\" content=\"https:\/\/talent-career.com\/?page_id=3223\" \/>\n<meta property=\"og:site_name\" content=\"MyTalent\" \/>\n<meta property=\"article:modified_time\" content=\"2025-12-18T14:34:53+00:00\" \/>\n<meta name=\"twitter:card\" content=\"summary_large_image\" \/>\n<meta name=\"twitter:label1\" content=\"Dur\u00e9e de lecture estim\u00e9e\" \/>\n\t<meta name=\"twitter:data1\" content=\"1 minute\" \/>\n<script type=\"application\/ld+json\" class=\"yoast-schema-graph\">{\"@context\":\"https:\/\/schema.org\",\"@graph\":[{\"@type\":\"WebPage\",\"@id\":\"https:\/\/talent-career.com\/?page_id=3223\",\"url\":\"https:\/\/talent-career.com\/?page_id=3223\",\"name\":\"Moins de 45 ans - MyTalent\",\"isPartOf\":{\"@id\":\"https:\/\/talent-career.com\/#website\"},\"datePublished\":\"2025-06-23T13:24:42+00:00\",\"dateModified\":\"2025-12-18T14:34:53+00:00\",\"breadcrumb\":{\"@id\":\"https:\/\/talent-career.com\/?page_id=3223#breadcrumb\"},\"inLanguage\":\"fr-FR\",\"potentialAction\":[{\"@type\":\"ReadAction\",\"target\":[\"https:\/\/talent-career.com\/?page_id=3223\"]}]},{\"@type\":\"BreadcrumbList\",\"@id\":\"https:\/\/talent-career.com\/?page_id=3223#breadcrumb\",\"itemListElement\":[{\"@type\":\"ListItem\",\"position\":1,\"name\":\"Accueil\",\"item\":\"https:\/\/talent-career.com\/\"},{\"@type\":\"ListItem\",\"position\":2,\"name\":\"Moins de 45 ans\"}]},{\"@type\":\"WebSite\",\"@id\":\"https:\/\/talent-career.com\/#website\",\"url\":\"https:\/\/talent-career.com\/\",\"name\":\"MyTalent\",\"description\":\"R\u00e9v\u00e9lons votre talent \",\"publisher\":{\"@id\":\"https:\/\/talent-career.com\/#organization\"},\"potentialAction\":[{\"@type\":\"SearchAction\",\"target\":{\"@type\":\"EntryPoint\",\"urlTemplate\":\"https:\/\/talent-career.com\/?s={search_term_string}\"},\"query-input\":{\"@type\":\"PropertyValueSpecification\",\"valueRequired\":true,\"valueName\":\"search_term_string\"}}],\"inLanguage\":\"fr-FR\"},{\"@type\":\"Organization\",\"@id\":\"https:\/\/talent-career.com\/#organization\",\"name\":\"MyTalent\",\"url\":\"https:\/\/talent-career.com\/\",\"logo\":{\"@type\":\"ImageObject\",\"inLanguage\":\"fr-FR\",\"@id\":\"https:\/\/talent-career.com\/#\/schema\/logo\/image\/\",\"url\":\"https:\/\/talent-career.com\/wp-content\/uploads\/2026\/02\/cropped-logo-RVL2.png\",\"contentUrl\":\"https:\/\/talent-career.com\/wp-content\/uploads\/2026\/02\/cropped-logo-RVL2.png\",\"width\":827,\"height\":932,\"caption\":\"MyTalent\"},\"image\":{\"@id\":\"https:\/\/talent-career.com\/#\/schema\/logo\/image\/\"}}]}<\/script>\n<!-- \/ Yoast SEO plugin. -->","yoast_head_json":{"title":"Moins de 45 ans - MyTalent","robots":{"index":"index","follow":"follow","max-snippet":"max-snippet:-1","max-image-preview":"max-image-preview:large","max-video-preview":"max-video-preview:-1"},"canonical":"https:\/\/talent-career.com\/?page_id=3223","og_locale":"fr_FR","og_type":"article","og_title":"Moins de 45 ans - MyTalent","og_description":"J&rsquo;ai moins de 45 ans Visionnez le replay du webinaire moins de 45 ans. Moins de 45 ans : il n\u2019est jamais trop t\u00f4t pour s\u2019informer Comprendre d\u00e8s aujourd\u2019hui comment...","og_url":"https:\/\/talent-career.com\/?page_id=3223","og_site_name":"MyTalent","article_modified_time":"2025-12-18T14:34:53+00:00","twitter_card":"summary_large_image","twitter_misc":{"Dur\u00e9e de lecture estim\u00e9e":"1 minute"},"schema":{"@context":"https:\/\/schema.org","@graph":[{"@type":"WebPage","@id":"https:\/\/talent-career.com\/?page_id=3223","url":"https:\/\/talent-career.com\/?page_id=3223","name":"Moins de 45 ans - MyTalent","isPartOf":{"@id":"https:\/\/talent-career.com\/#website"},"datePublished":"2025-06-23T13:24:42+00:00","dateModified":"2025-12-18T14:34:53+00:00","breadcrumb":{"@id":"https:\/\/talent-career.com\/?page_id=3223#breadcrumb"},"inLanguage":"fr-FR","potentialAction":[{"@type":"ReadAction","target":["https:\/\/talent-career.com\/?page_id=3223"]}]},{"@type":"BreadcrumbList","@id":"https:\/\/talent-career.com\/?page_id=3223#breadcrumb","itemListElement":[{"@type":"ListItem","position":1,"name":"Accueil","item":"https:\/\/talent-career.com\/"},{"@type":"ListItem","position":2,"name":"Moins de 45 ans"}]},{"@type":"WebSite","@id":"https:\/\/talent-career.com\/#website","url":"https:\/\/talent-career.com\/","name":"MyTalent","description":"R\u00e9v\u00e9lons votre talent ","publisher":{"@id":"https:\/\/talent-career.com\/#organization"},"potentialAction":[{"@type":"SearchAction","target":{"@type":"EntryPoint","urlTemplate":"https:\/\/talent-career.com\/?s={search_term_string}"},"query-input":{"@type":"PropertyValueSpecification","valueRequired":true,"valueName":"search_term_string"}}],"inLanguage":"fr-FR"},{"@type":"Organization","@id":"https:\/\/talent-career.com\/#organization","name":"MyTalent","url":"https:\/\/talent-career.com\/","logo":{"@type":"ImageObject","inLanguage":"fr-FR","@id":"https:\/\/talent-career.com\/#\/schema\/logo\/image\/","url":"https:\/\/talent-career.com\/wp-content\/uploads\/2026\/02\/cropped-logo-RVL2.png","contentUrl":"https:\/\/talent-career.com\/wp-content\/uploads\/2026\/02\/cropped-logo-RVL2.png","width":827,"height":932,"caption":"MyTalent"},"image":{"@id":"https:\/\/talent-career.com\/#\/schema\/logo\/image\/"}}]}},"taxonomy_info":[],"featured_image_src_large":false,"author_info":{"display_name":"admin2485","author_link":"https:\/\/talent-career.com\/?author=1"},"comment_info":0,"_links":{"self":[{"href":"https:\/\/talent-career.com\/index.php?rest_route=\/wp\/v2\/pages\/3223","targetHints":{"allow":["GET"]}}],"collection":[{"href":"https:\/\/talent-career.com\/index.php?rest_route=\/wp\/v2\/pages"}],"about":[{"href":"https:\/\/talent-career.com\/index.php?rest_route=\/wp\/v2\/types\/page"}],"author":[{"embeddable":true,"href":"https:\/\/talent-career.com\/index.php?rest_route=\/wp\/v2\/users\/1"}],"replies":[{"embeddable":true,"href":"https:\/\/talent-career.com\/index.php?rest_route=%2Fwp%2Fv2%2Fcomments&post=3223"}],"version-history":[{"count":16,"href":"https:\/\/talent-career.com\/index.php?rest_route=\/wp\/v2\/pages\/3223\/revisions"}],"predecessor-version":[{"id":4516,"href":"https:\/\/talent-career.com\/index.php?rest_route=\/wp\/v2\/pages\/3223\/revisions\/4516"}],"wp:attachment":[{"href":"https:\/\/talent-career.com\/index.php?rest_route=%2Fwp%2Fv2%2Fmedia&parent=3223"}],"curies":[{"name":"wp","href":"https:\/\/api.w.org\/{rel}","templated":true}]}}